{"id":834,"date":"2023-03-25T23:19:34","date_gmt":"2023-03-25T23:19:34","guid":{"rendered":"https:\/\/jutcontraelcancer.com\/?page_id=834"},"modified":"2023-03-27T17:57:06","modified_gmt":"2023-03-27T17:57:06","slug":"quienes-somos","status":"publish","type":"page","link":"https:\/\/jutcontraelcancer.com\/index.php\/quienes-somos\/","title":{"rendered":"Qui\u00e9nes somos"},"content":{"rendered":"\t\t<div data-elementor-type=\"wp-page\" data-elementor-id=\"834\" class=\"elementor elementor-834\">\n\t\t\t\t\t\t<section class=\"elementor-section elementor-top-section elementor-element elementor-element-3095df9 elementor-section-boxed elementor-section-height-default elementor-section-height-default wpr-particle-no wpr-jarallax-no wpr-parallax-no wpr-sticky-section-no wpr-equal-height-no\" data-id=\"3095df9\" data-element_type=\"section\" data-e-type=\"section\">\n\t\t\t\t\t\t<div class=\"elementor-container elementor-column-gap-default\">\n\t\t\t\t\t<div class=\"elementor-column elementor-col-100 elementor-top-column elementor-element elementor-element-476e674\" data-id=\"476e674\" data-element_type=\"column\" data-e-type=\"column\">\n\t\t\t<div class=\"elementor-widget-wrap elementor-element-populated\">\n\t\t\t\t\t\t<div class=\"elementor-element elementor-element-b35f866 eael-dual-header-content-align-center elementor-widget elementor-widget-eael-dual-color-header\" data-id=\"b35f866\" data-element_type=\"widget\" data-e-type=\"widget\" data-widget_type=\"eael-dual-color-header.default\">\n\t\t\t\t<div class=\"elementor-widget-container\">\n\t\t\t\t\t\t\t\t<div class=\"eael-dual-header\">\n\t\t\t\t<h2 class=\"title eael-dch-title\"><span class=\"eael-dch-title-text eael-dch-title-lead lead solid-color\">\u00bfQui\u00e9nes<\/span> <span class=\"eael-dch-title-text\">somos?<\/span><\/h2>\t\t\t<\/div>\n\n\t\t\t\t\t\t<\/div>\n\t\t\t\t<\/div>\n\t\t\t\t\t<\/div>\n\t\t<\/div>\n\t\t\t\t\t<\/div>\n\t\t<\/section>\n\t\t\t\t<section class=\"elementor-section elementor-top-section elementor-element elementor-element-eaf4326 elementor-section-boxed elementor-section-height-default elementor-section-height-default wpr-particle-no wpr-jarallax-no wpr-parallax-no wpr-sticky-section-no wpr-equal-height-no\" data-id=\"eaf4326\" data-element_type=\"section\" data-e-type=\"section\">\n\t\t\t\t\t\t<div class=\"elementor-container elementor-column-gap-default\">\n\t\t\t\t\t<div class=\"elementor-column elementor-col-100 elementor-top-column elementor-element elementor-element-ade6854\" data-id=\"ade6854\" data-element_type=\"column\" data-e-type=\"column\">\n\t\t\t<div class=\"elementor-widget-wrap elementor-element-populated\">\n\t\t\t\t\t\t<div class=\"elementor-element elementor-element-7216ee1 premium-persons-title-cw elementor-widget elementor-widget-premium-addon-person\" data-id=\"7216ee1\" data-element_type=\"widget\" data-e-type=\"widget\" data-widget_type=\"premium-addon-person.default\">\n\t\t\t\t<div class=\"elementor-widget-container\">\n\t\t\t\t\t\t\t<div class=\"premium-persons-container premium-person-style3\">\n\t\t\t\t\t\t<div class=\"premium-person-container premium-person-zoomin-effect\">\n\n\t\t\t\t<div class=\"premium-person-image-container\">\n\t\t\t\t\t<img decoding=\"async\" src=\"https:\/\/jutcontraelcancer.com\/wp-content\/uploads\/elementor\/thumbs\/41A94427-E7FD-4B2F-B73D-22D69E856C08-removebg-preview-2-q41w21x25yxtc6etlehyt6vwpcjgyulrdrjo8jsge6.png\" title=\"Silvia Gim\u00e9nez, la presidenta\" alt=\"Silvia Gim\u00e9nez\" loading=\"lazy\" \/>\n\t\t\t\t\t\t\t\t\t<\/div>\n\t\t\t\t<div class=\"premium-person-info\">\n\t\t\t\t\t\t\t\t<div class=\"premium-person-info-container\">\n\t\t\t\t\t\t\t\t\t<div class=\"premium-person-title-desc-wrap\">\n\t\t\t\t\t\t\t\t\t\t\t<h4 class=\"premium-person-title\">\n\t\t\t\t\t\t\t<span>Presidenta<\/span>\n\t\t\t\t\t\t<\/h4>\n\t\t\t\t\t\t\t\t\t\t<\/div>\n\t\t\t\t\t\t\t\t\t\t<div class=\"premium-person-name-icons-wrap\">\n\t\t\t\t\t\t\t\t\t\t\t\t\t<h1 class=\"premium-person-name\"><span class=\"premium-person-name\">Judith Ramos<\/span><\/h1>\n\t\t\t\t\t\t\t\t\t\t\t\t<\/div>\n\t\t\t\t\t\t\t\t<\/div>\n\t\t\t\t\t\t\t<\/div>\n\t\t\t<\/div>\n\t\t\t\t\t\t<\/div>\n\t\t\t\t\t\t<\/div>\n\t\t\t\t<\/div>\n\t\t\t\t\t<\/div>\n\t\t<\/div>\n\t\t\t\t\t<\/div>\n\t\t<\/section>\n\t\t\t\t<section class=\"elementor-section elementor-top-section elementor-element elementor-element-61afeee elementor-section-full_width elementor-section-stretched elementor-section-height-default elementor-section-height-default wpr-particle-no wpr-jarallax-no wpr-parallax-no wpr-sticky-section-no wpr-equal-height-no\" data-id=\"61afeee\" data-element_type=\"section\" data-e-type=\"section\" data-settings=\"{&quot;stretch_section&quot;:&quot;section-stretched&quot;}\">\n\t\t\t\t\t\t<div class=\"elementor-container elementor-column-gap-default\">\n\t\t\t\t\t<div class=\"elementor-column elementor-col-100 elementor-top-column elementor-element elementor-element-d844083\" data-id=\"d844083\" data-element_type=\"column\" data-e-type=\"column\">\n\t\t\t<div class=\"elementor-widget-wrap elementor-element-populated\">\n\t\t\t\t\t\t<div class=\"elementor-element elementor-element-d0ba284 premium-persons-title-cw elementor-widget elementor-widget-premium-addon-person\" data-id=\"d0ba284\" data-element_type=\"widget\" data-e-type=\"widget\" data-settings=\"{&quot;persons_per_row&quot;:&quot;33.33%&quot;,&quot;persons_per_row_tablet&quot;:&quot;100%&quot;,&quot;persons_per_row_mobile&quot;:&quot;100%&quot;}\" data-widget_type=\"premium-addon-person.default\">\n\t\t\t\t<div class=\"elementor-widget-container\">\n\t\t\t\t\t\t\t<div class=\"premium-persons-container premium-person-style3 multiple-persons\" data-persons-equal=\"\">\n\t\t\t\t\t\t\t\t<div class=\"premium-person-container premium-person-zoomin-effect\">\n\t\t\t\t\t\t<div class=\"premium-person-image-container\">\n\t\t\t\t\t\t<img fetchpriority=\"high\" decoding=\"async\" width=\"375\" height=\"666\" src=\"https:\/\/jutcontraelcancer.com\/wp-content\/uploads\/2023\/03\/3CE38C45-23F2-49F8-B8C6-868B8CA74737-removebg-preview.png\" class=\"attachment-full size-full wp-image-874\" alt=\"\" srcset=\"https:\/\/jutcontraelcancer.com\/wp-content\/uploads\/2023\/03\/3CE38C45-23F2-49F8-B8C6-868B8CA74737-removebg-preview.png 375w, https:\/\/jutcontraelcancer.com\/wp-content\/uploads\/2023\/03\/3CE38C45-23F2-49F8-B8C6-868B8CA74737-removebg-preview-169x300.png 169w\" sizes=\"(max-width: 375px) 100vw, 375px\" \/>\t\t\t\t\t\t\t\t\t\t\t\t\t<\/div>\n\t\t\t\t\t\t<div class=\"premium-person-info\">\n\t\t\t\t\t\t\t\t\t\t<div class=\"premium-person-info-container\">\n\t\t\t\t\t\t\t\t\t<div class=\"premium-person-title-desc-wrap\">\n\t\t\t\t\t\t\t\t\t\t\t<h4 class=\"premium-person-title\">\n\t\t\t\t\t\t\t<span>Vicepresidenta<\/span>\n\t\t\t\t\t\t<\/h4>\n\t\t\t\t\t\t\t\t\t\t<\/div>\n\t\t\t\t\t\t\t\t\t\t<div class=\"premium-person-name-icons-wrap\">\n\t\t\t\t\t\t\t\t\t\t\t\t\t<h2 class=\"premium-person-name\"><span class=\"premium-person-name\">Elisabeth Ruiz<\/span><\/h2>\n\t\t\t\t\t\t\t\t\t\t\t\t<\/div>\n\t\t\t\t\t\t\t\t<\/div>\n\t\t\t\t\t\t\t\t\t<\/div>\n\t\t\t\t\t<\/div>\n\t\t\t\t\t\t\t\t\t\t<div class=\"premium-person-container premium-person-zoomin-effect\">\n\t\t\t\t\t\t<div class=\"premium-person-image-container\">\n\t\t\t\t\t\t<img decoding=\"async\" width=\"433\" height=\"577\" src=\"https:\/\/jutcontraelcancer.com\/wp-content\/uploads\/2023\/03\/80019723-B320-4463-A500-7DAC5774A64E-removebg-preview.png\" class=\"attachment-full size-full wp-image-875\" alt=\"\" srcset=\"https:\/\/jutcontraelcancer.com\/wp-content\/uploads\/2023\/03\/80019723-B320-4463-A500-7DAC5774A64E-removebg-preview.png 433w, https:\/\/jutcontraelcancer.com\/wp-content\/uploads\/2023\/03\/80019723-B320-4463-A500-7DAC5774A64E-removebg-preview-225x300.png 225w\" sizes=\"(max-width: 433px) 100vw, 433px\" \/>\t\t\t\t\t\t\t\t\t\t\t\t\t<\/div>\n\t\t\t\t\t\t<div class=\"premium-person-info\">\n\t\t\t\t\t\t\t\t\t\t<div class=\"premium-person-info-container\">\n\t\t\t\t\t\t\t\t\t<div class=\"premium-person-title-desc-wrap\">\n\t\t\t\t\t\t\t\t\t\t\t<h4 class=\"premium-person-title\">\n\t\t\t\t\t\t\t<span>Secretario<\/span>\n\t\t\t\t\t\t<\/h4>\n\t\t\t\t\t\t\t\t\t\t<\/div>\n\t\t\t\t\t\t\t\t\t\t<div class=\"premium-person-name-icons-wrap\">\n\t\t\t\t\t\t\t\t\t\t\t\t\t<h2 class=\"premium-person-name\"><span class=\"premium-person-name\">Kevin Ramos<\/span><\/h2>\n\t\t\t\t\t\t\t\t\t\t\t\t<\/div>\n\t\t\t\t\t\t\t\t<\/div>\n\t\t\t\t\t\t\t\t\t<\/div>\n\t\t\t\t\t<\/div>\n\t\t\t\t\t\t\t\t\t\t<div class=\"premium-person-container premium-person-zoomin-effect\">\n\t\t\t\t\t\t<div class=\"premium-person-image-container\">\n\t\t\t\t\t\t<img decoding=\"async\" width=\"456\" height=\"547\" src=\"https:\/\/jutcontraelcancer.com\/wp-content\/uploads\/2023\/03\/E5828B7A-EA90-48FA-A09C-062A4EA6DAC7-removebg-preview.png\" class=\"attachment-full size-full wp-image-873\" alt=\"\" srcset=\"https:\/\/jutcontraelcancer.com\/wp-content\/uploads\/2023\/03\/E5828B7A-EA90-48FA-A09C-062A4EA6DAC7-removebg-preview.png 456w, https:\/\/jutcontraelcancer.com\/wp-content\/uploads\/2023\/03\/E5828B7A-EA90-48FA-A09C-062A4EA6DAC7-removebg-preview-250x300.png 250w\" sizes=\"(max-width: 456px) 100vw, 456px\" \/>\t\t\t\t\t\t\t\t\t\t\t\t\t<\/div>\n\t\t\t\t\t\t<div class=\"premium-person-info\">\n\t\t\t\t\t\t\t\t\t\t<div class=\"premium-person-info-container\">\n\t\t\t\t\t\t\t\t\t<div class=\"premium-person-title-desc-wrap\">\n\t\t\t\t\t\t\t\t\t\t\t<h4 class=\"premium-person-title\">\n\t\t\t\t\t\t\t<span>Tesorera<\/span>\n\t\t\t\t\t\t<\/h4>\n\t\t\t\t\t\t\t\t\t\t<\/div>\n\t\t\t\t\t\t\t\t\t\t<div class=\"premium-person-name-icons-wrap\">\n\t\t\t\t\t\t\t\t\t\t\t\t\t<h2 class=\"premium-person-name\"><span class=\"premium-person-name\">Lucia Valverde<\/span><\/h2>\n\t\t\t\t\t\t\t\t\t\t\t\t<\/div>\n\t\t\t\t\t\t\t\t<\/div>\n\t\t\t\t\t\t\t\t\t<\/div>\n\t\t\t\t\t<\/div>\n\t\t\t\t\t\t\t<\/div>\n\t\t\t\t\t\t<\/div>\n\t\t\t\t<\/div>\n\t\t\t\t\t<\/div>\n\t\t<\/div>\n\t\t\t\t\t<\/div>\n\t\t<\/section>\n\t\t\t\t<section class=\"elementor-section elementor-top-section elementor-element elementor-element-589e2ae elementor-section-stretched elementor-section-boxed elementor-section-height-default elementor-section-height-default wpr-particle-no wpr-jarallax-no wpr-parallax-no wpr-sticky-section-no wpr-equal-height-no\" data-id=\"589e2ae\" data-element_type=\"section\" data-e-type=\"section\" data-settings=\"{&quot;stretch_section&quot;:&quot;section-stretched&quot;}\">\n\t\t\t\t\t\t<div class=\"elementor-container elementor-column-gap-default\">\n\t\t\t\t\t<div class=\"elementor-column elementor-col-100 elementor-top-column elementor-element elementor-element-ea3a979\" data-id=\"ea3a979\" data-element_type=\"column\" data-e-type=\"column\">\n\t\t\t<div class=\"elementor-widget-wrap elementor-element-populated\">\n\t\t\t\t\t\t<div class=\"elementor-element elementor-element-7ec679f wpr-team-member-divider-center elementor-widget elementor-widget-wpr-team-member\" data-id=\"7ec679f\" data-element_type=\"widget\" data-e-type=\"widget\" data-widget_type=\"wpr-team-member.default\">\n\t\t\t\t<div class=\"elementor-widget-container\">\n\t\t\t\t\t\n\t<div class=\"wpr-team-member\">\n\t\t\t\t\t\n\t\t\t<div class=\"wpr-member-media\">\n\t\t\t\t<div class=\"wpr-member-image\">\n\t\t\t\t\t<img decoding=\"async\" src=\"https:\/\/jutcontraelcancer.com\/wp-content\/uploads\/2023\/03\/41A94427-E7FD-4B2F-B73D-22D69E856C08-removebg-preview-2.png\" alt=\"Judith Ramos\">\n\t\t\t\t<\/div>\n\t\t\t\t\t\t\t<\/div>\n\t\t\t\t\n\t\t\n\t\t<div class=\"wpr-member-content\">\n\t\t\t<h3 class=\"wpr-member-name\">Judith Ramos<\/h3>\n\t\t\t\n\t\t\t\t\t\t\t<div class=\"wpr-member-job\">Presidente<\/div>\n\t\t\t\n\t\t\t\t\t\t\t<div class=\"wpr-member-divider\"><\/div>\n\t\t\t\n\t\t\t\t\t\t\t<div class=\"wpr-member-description\">Soy Judith Ramos y soy la Presidenta de la asociaci\u00f3n Jut Contra El C\u00e1ncer. \nMi funci\u00f3n es representar legalmente nuestra asociaci\u00f3n, convocar y presidir las asambleas o las juntas directivas, autorizar las actas, ordenar pagos y autorizar los documentos, certificaciones y dem\u00e1s documentos oficiales de nuestra asociaci\u00f3n. \n\nMuchos de vosotros ya sab\u00e9is que soy paciente oncologica,  y que uno de mis objetivos y mi ilusi\u00f3n es dar visibilidad y acompa\u00f1ar al paciente en todo momento.\n\nMi objetivo junto con el resto de mis compa\u00f1eros que formamos jutcontraelcancer es crecer y poder aportar econ\u00f3micamente lo m\u00e1ximo a diferentes laboratorios para que estudien la investigacion del cancer.<\/div>\n\t\t\t\t\t\t\n\t\t\t\t\t<\/div>\n\n\t\t\t<\/div>\n\n\t\t\t\t\t<\/div>\n\t\t\t\t<\/div>\n\t\t\t\t<div class=\"elementor-element elementor-element-1317ed3 wpr-team-member-divider-center elementor-widget elementor-widget-wpr-team-member\" data-id=\"1317ed3\" data-element_type=\"widget\" data-e-type=\"widget\" data-widget_type=\"wpr-team-member.default\">\n\t\t\t\t<div class=\"elementor-widget-container\">\n\t\t\t\t\t\n\t<div class=\"wpr-team-member\">\n\t\t\t\t\t\n\t\t\t<div class=\"wpr-member-media\">\n\t\t\t\t<div class=\"wpr-member-image\">\n\t\t\t\t\t<img decoding=\"async\" src=\"https:\/\/jutcontraelcancer.com\/wp-content\/uploads\/2023\/03\/3CE38C45-23F2-49F8-B8C6-868B8CA74737-removebg-preview.png\" alt=\"Elisabeth Ruiz\">\n\t\t\t\t<\/div>\n\t\t\t\t\t\t\t<\/div>\n\t\t\t\t\n\t\t\n\t\t<div class=\"wpr-member-content\">\n\t\t\t<h3 class=\"wpr-member-name\">Elisabeth Ruiz<\/h3>\n\t\t\t\n\t\t\t\t\t\t\t<div class=\"wpr-member-job\">Vicepresidente<\/div>\n\t\t\t\n\t\t\t\t\t\t\t<div class=\"wpr-member-divider\"><\/div>\n\t\t\t\n\t\t\t\t\t\t\t<div class=\"wpr-member-description\">Soy Elisabeth Ruiz, vicepresidenta de \u201cjutcontraelcancer\u201d \nMis funciones como vicepresidenta es realizar las funciones de la Presidenta en los casos de estar vacante el cargo por ausencia o enfermedad, pudiendo actuar tambi\u00e9n en representaci\u00f3n de la Asociaci\u00f3n en aquellos supuestos en que as\u00ed se decida por la Junta Directiva.\nEntre mis funciones se encuentra organizar diferentes reuniones para la gesti\u00f3n y desarrollo de las actividades anuales. A modo personal, busco colaborar en la investigaci\u00f3n contra la enfermedad, a los\/as pacientes y familiares.<\/div>\n\t\t\t\t\t\t\n\t\t\t\t\t<\/div>\n\n\t\t\t<\/div>\n\n\t\t\t\t\t<\/div>\n\t\t\t\t<\/div>\n\t\t\t\t<div class=\"elementor-element elementor-element-b981670 wpr-team-member-divider-center elementor-widget elementor-widget-wpr-team-member\" data-id=\"b981670\" data-element_type=\"widget\" data-e-type=\"widget\" data-widget_type=\"wpr-team-member.default\">\n\t\t\t\t<div class=\"elementor-widget-container\">\n\t\t\t\t\t\n\t<div class=\"wpr-team-member\">\n\t\t\t\t\t\n\t\t\t<div class=\"wpr-member-media\">\n\t\t\t\t<div class=\"wpr-member-image\">\n\t\t\t\t\t<img decoding=\"async\" src=\"https:\/\/jutcontraelcancer.com\/wp-content\/uploads\/2023\/03\/E5828B7A-EA90-48FA-A09C-062A4EA6DAC7-removebg-preview.png\" alt=\"Lucia Valverde \">\n\t\t\t\t<\/div>\n\t\t\t\t\t\t\t<\/div>\n\t\t\t\t\n\t\t\n\t\t<div class=\"wpr-member-content\">\n\t\t\t<h3 class=\"wpr-member-name\">Lucia Valverde <\/h3>\n\t\t\t\n\t\t\t\t\t\t\t<div class=\"wpr-member-job\">Tesorera<\/div>\n\t\t\t\n\t\t\t\t\t\t\t<div class=\"wpr-member-divider\"><\/div>\n\t\t\t\n\t\t\t\t\t\t\t<div class=\"wpr-member-description\">Soy Luc\u00eda Valverde y soy la Tesorera de la asociaci\u00f3n Jutcontraelcancer. Mi funci\u00f3n principal es la custodia y el control de los recursos de la asociaci\u00f3n, como tambi\u00e9n la elaboraci\u00f3n de balances, presupuestos y la liquidaci\u00f3n de cuentas y caja que son sometidas a la aprobaci\u00f3n de la asamblea General. \nConsideramos como muy importante la gesti\u00f3n de fondos y los movimientos monetarios de nuestra asociaci\u00f3n ya que dependemos de ello, principalmente para poder aportar donaciones a diferentes laboratorios para que estudien la investigaci\u00f3n del c\u00e1ncer y sobretodo en un futuro, para que exista una posible una cura.\n\nAtentamente,\nLuc\u00eda<\/div>\n\t\t\t\t\t\t\n\t\t\t\t\t<\/div>\n\n\t\t\t<\/div>\n\n\t\t\t\t\t<\/div>\n\t\t\t\t<\/div>\n\t\t\t\t<div class=\"elementor-element elementor-element-a8d5e14 wpr-team-member-divider-center elementor-widget elementor-widget-wpr-team-member\" data-id=\"a8d5e14\" data-element_type=\"widget\" data-e-type=\"widget\" data-widget_type=\"wpr-team-member.default\">\n\t\t\t\t<div class=\"elementor-widget-container\">\n\t\t\t\t\t\n\t<div class=\"wpr-team-member\">\n\t\t\t\t\t\n\t\t\t<div class=\"wpr-member-media\">\n\t\t\t\t<div class=\"wpr-member-image\">\n\t\t\t\t\t<img decoding=\"async\" src=\"https:\/\/jutcontraelcancer.com\/wp-content\/uploads\/2023\/03\/80019723-B320-4463-A500-7DAC5774A64E-removebg-preview.png\" alt=\"Kevin Ramos\">\n\t\t\t\t<\/div>\n\t\t\t\t\t\t\t<\/div>\n\t\t\t\t\n\t\t\n\t\t<div class=\"wpr-member-content\">\n\t\t\t<h3 class=\"wpr-member-name\">Kevin Ramos<\/h3>\n\t\t\t\n\t\t\t\t\t\t\t<div class=\"wpr-member-job\">Vicepresidente<\/div>\n\t\t\t\n\t\t\t\t\t\t\t<div class=\"wpr-member-divider\"><\/div>\n\t\t\t\n\t\t\t\t\t\t\t<div class=\"wpr-member-description\">Soy Kevin Ramos soy el secretario de la asociaci\u00f3n Jutcontraelcancer\nMi aportaci\u00f3n en este proyecto es:\nLevantar actas en las sesiones de las asambleas y reuniones. \nRecibir y tramitar las solicitudes de altas y bajas.\nCustodiar los libros oficiales, registros y archivos.\nExpedir las certificaciones.\nA modo personal, busco poder contribuir en dar soporte a todas las personas que as\u00ed lo necesiten y a contribuir en la sociedad a dar visibilidad a la enfermedad.<\/div>\n\t\t\t\t\t\t\n\t\t\t\t\t<\/div>\n\n\t\t\t<\/div>\n\n\t\t\t\t\t<\/div>\n\t\t\t\t<\/div>\n\t\t\t\t\t<\/div>\n\t\t<\/div>\n\t\t\t\t\t<\/div>\n\t\t<\/section>\n\t\t\t\t<\/div>\n\t\t","protected":false},"excerpt":{"rendered":"<p>\u00bfQui\u00e9nes somos? Presidenta Judith Ramos Vicepresidenta Elisabeth Ruiz Secretario Kevin Ramos Tesorera Lucia Valverde Judith Ramos Presidente Soy Judith Ramos y soy la Presidenta de la asociaci\u00f3n Jut Contra El C\u00e1ncer. Mi funci\u00f3n es representar legalmente nuestra asociaci\u00f3n, convocar y presidir las asambleas o las juntas directivas, autorizar las actas, ordenar pagos y autorizar los documentos, certificaciones y dem\u00e1s documentos oficiales de nuestra asociaci\u00f3n. Muchos de vosotros ya sab\u00e9is que soy paciente oncologica, y que uno de mis objetivos y mi ilusi\u00f3n es dar visibilidad y acompa\u00f1ar al paciente en todo momento. Mi objetivo junto con el resto de mis compa\u00f1eros que formamos jutcontraelcancer es crecer y poder aportar econ\u00f3micamente lo m\u00e1ximo a diferentes laboratorios para que estudien la investigacion del cancer. Elisabeth Ruiz Vicepresidente Soy Elisabeth Ruiz, vicepresidenta de \u201cjutcontraelcancer\u201d Mis funciones como vicepresidenta es realizar las funciones de la Presidenta en los casos de estar vacante el cargo por ausencia o enfermedad, pudiendo actuar tambi\u00e9n en representaci\u00f3n de la Asociaci\u00f3n en aquellos supuestos en que as\u00ed se decida por la Junta Directiva. Entre mis funciones se encuentra organizar diferentes reuniones para la gesti\u00f3n y desarrollo de las actividades anuales. A modo personal, busco colaborar en la investigaci\u00f3n contra la enfermedad, a los\/as pacientes y familiares. Lucia Valverde Tesorera Soy Luc\u00eda Valverde y soy la Tesorera de la asociaci\u00f3n Jutcontraelcancer. Mi funci\u00f3n principal es la custodia y el control de los recursos de la asociaci\u00f3n, como tambi\u00e9n la elaboraci\u00f3n de balances, presupuestos y la liquidaci\u00f3n de cuentas y caja que son sometidas a la aprobaci\u00f3n de la asamblea General. Consideramos como muy importante la gesti\u00f3n de fondos y los movimientos monetarios de nuestra asociaci\u00f3n ya que dependemos de ello, principalmente para poder aportar donaciones a diferentes laboratorios para que estudien la investigaci\u00f3n del c\u00e1ncer y sobretodo en un futuro, para que exista una posible una cura. Atentamente, Luc\u00eda Kevin Ramos Vicepresidente Soy Kevin Ramos soy el secretario de la asociaci\u00f3n Jutcontraelcancer Mi aportaci\u00f3n en este proyecto es: Levantar actas en las sesiones de las asambleas y reuniones. Recibir y tramitar las solicitudes de altas y bajas. Custodiar los libros oficiales, registros y archivos. Expedir las certificaciones. A modo personal, busco poder contribuir en dar soporte a todas las personas que as\u00ed lo necesiten y a contribuir en la sociedad a dar visibilidad a la enfermedad.<\/p>\n","protected":false},"author":1,"featured_media":0,"parent":0,"menu_order":0,"comment_status":"closed","ping_status":"closed","template":"","meta":{"_monsterinsights_skip_tracking":false,"_monsterinsights_sitenote_active":false,"_monsterinsights_sitenote_note":"","_monsterinsights_sitenote_category":0,"footnotes":""},"class_list":["post-834","page","type-page","status-publish","hentry"],"aioseo_notices":[],"_links":{"self":[{"href":"https:\/\/jutcontraelcancer.com\/index.php\/wp-json\/wp\/v2\/pages\/834","targetHints":{"allow":["GET"]}}],"collection":[{"href":"https:\/\/jutcontraelcancer.com\/index.php\/wp-json\/wp\/v2\/pages"}],"about":[{"href":"https:\/\/jutcontraelcancer.com\/index.php\/wp-json\/wp\/v2\/types\/page"}],"author":[{"embeddable":true,"href":"https:\/\/jutcontraelcancer.com\/index.php\/wp-json\/wp\/v2\/users\/1"}],"replies":[{"embeddable":true,"href":"https:\/\/jutcontraelcancer.com\/index.php\/wp-json\/wp\/v2\/comments?post=834"}],"version-history":[{"count":26,"href":"https:\/\/jutcontraelcancer.com\/index.php\/wp-json\/wp\/v2\/pages\/834\/revisions"}],"predecessor-version":[{"id":889,"href":"https:\/\/jutcontraelcancer.com\/index.php\/wp-json\/wp\/v2\/pages\/834\/revisions\/889"}],"wp:attachment":[{"href":"https:\/\/jutcontraelcancer.com\/index.php\/wp-json\/wp\/v2\/media?parent=834"}],"curies":[{"name":"wp","href":"https:\/\/api.w.org\/{rel}","templated":true}]}}