{"id":1104,"date":"2023-05-29T14:18:30","date_gmt":"2023-05-29T14:18:30","guid":{"rendered":"https:\/\/jutcontraelcancer.com\/?page_id=1104"},"modified":"2023-06-19T11:09:39","modified_gmt":"2023-06-19T11:09:39","slug":"inscribete","status":"publish","type":"page","link":"https:\/\/jutcontraelcancer.com\/index.php\/inscribete\/","title":{"rendered":"Inscr\u00edbete"},"content":{"rendered":"\t\t<div data-elementor-type=\"wp-page\" data-elementor-id=\"1104\" class=\"elementor elementor-1104\">\n\t\t\t\t\t\t<section class=\"elementor-section elementor-top-section elementor-element elementor-element-2344286 elementor-section-boxed elementor-section-height-default elementor-section-height-default wpr-particle-no wpr-jarallax-no wpr-parallax-no wpr-sticky-section-no wpr-equal-height-no\" data-id=\"2344286\" data-element_type=\"section\" data-e-type=\"section\">\n\t\t\t\t\t\t<div class=\"elementor-container elementor-column-gap-default\">\n\t\t\t\t\t<div class=\"elementor-column elementor-col-100 elementor-top-column elementor-element elementor-element-cbb64de\" data-id=\"cbb64de\" data-element_type=\"column\" data-e-type=\"column\">\n\t\t\t<div class=\"elementor-widget-wrap\">\n\t\t\t\t\t\t\t<\/div>\n\t\t<\/div>\n\t\t\t\t\t<\/div>\n\t\t<\/section>\n\t\t\t\t<section class=\"elementor-section elementor-top-section elementor-element elementor-element-4756eb9 elementor-section-boxed elementor-section-height-default elementor-section-height-default wpr-particle-no wpr-jarallax-no wpr-parallax-no wpr-sticky-section-no wpr-equal-height-no\" data-id=\"4756eb9\" data-element_type=\"section\" data-e-type=\"section\">\n\t\t\t\t\t\t<div class=\"elementor-container elementor-column-gap-default\">\n\t\t\t\t\t<div class=\"elementor-column elementor-col-100 elementor-top-column elementor-element elementor-element-cb99f92\" data-id=\"cb99f92\" data-element_type=\"column\" data-e-type=\"column\">\n\t\t\t<div class=\"elementor-widget-wrap elementor-element-populated\">\n\t\t\t\t\t\t<div class=\"elementor-element elementor-element-93c2a1a eael-dual-header-content-align-center elementor-invisible elementor-widget elementor-widget-eael-dual-color-header\" data-id=\"93c2a1a\" data-element_type=\"widget\" data-e-type=\"widget\" data-settings=\"{&quot;_animation&quot;:&quot;fadeIn&quot;}\" data-widget_type=\"eael-dual-color-header.default\">\n\t\t\t\t<div class=\"elementor-widget-container\">\n\t\t\t\t\t\t\t\t<div class=\"eael-dual-header\">\n\t\t\t\t<h2 class=\"title eael-dch-title\"><span class=\"eael-dch-title-text eael-dch-title-lead lead solid-color\">Actividades al aire libre:<\/span> <span class=\"eael-dch-title-text\">Yoga terap\u00e9utico<\/span><\/h2>\t\t\t\t\t<span class=\"subtext\"><p>Actividad al aire libre, puedes traer esterilla, toalla o realizar la actividad en el mismo c\u00e9sped.<\/p><p>Las actividades ser\u00e1n adaptadas a pacientes onc\u00f3logos.<\/p><p>Es totalmente GRATUITA, s\u00f3lo debes inscribirte para participar.<\/p><\/span>\n\t\t\t\t\t\t\t<\/div>\n\n\t\t\t\t\t\t<\/div>\n\t\t\t\t<\/div>\n\t\t\t\t<div class=\"elementor-element elementor-element-0e3e5f6 eael-dual-header-content-align-center elementor-invisible elementor-widget elementor-widget-eael-dual-color-header\" data-id=\"0e3e5f6\" data-element_type=\"widget\" data-e-type=\"widget\" data-settings=\"{&quot;_animation&quot;:&quot;fadeIn&quot;}\" data-widget_type=\"eael-dual-color-header.default\">\n\t\t\t\t<div class=\"elementor-widget-container\">\n\t\t\t\t\t\t\t\t<div class=\"eael-dual-header\">\n\t\t\t\t<h3 class=\"title eael-dch-title\"><span class=\"eael-dch-title-text eael-dch-title-lead lead solid-color\"><\/span> <span class=\"eael-dch-title-text\">INSCR\u00cdBETE \u00a1ES GRATIS!<\/span><\/h3>\t\t\t<\/div>\n\n\t\t\t\t\t\t<\/div>\n\t\t\t\t<\/div>\n\t\t\t\t\t<\/div>\n\t\t<\/div>\n\t\t\t\t\t<\/div>\n\t\t<\/section>\n\t\t\t\t<section class=\"elementor-section elementor-top-section elementor-element elementor-element-2d90e58 elementor-section-full_width elementor-section-stretched elementor-section-height-default elementor-section-height-default wpr-particle-no wpr-jarallax-no wpr-parallax-no wpr-sticky-section-no wpr-equal-height-no\" data-id=\"2d90e58\" data-element_type=\"section\" data-e-type=\"section\" data-settings=\"{&quot;stretch_section&quot;:&quot;section-stretched&quot;}\">\n\t\t\t\t\t\t<div class=\"elementor-container elementor-column-gap-default\">\n\t\t\t\t\t<div class=\"elementor-column elementor-col-100 elementor-top-column elementor-element elementor-element-cf62845\" data-id=\"cf62845\" data-element_type=\"column\" data-e-type=\"column\">\n\t\t\t<div class=\"elementor-widget-wrap elementor-element-populated\">\n\t\t\t\t\t\t<div class=\"elementor-element elementor-element-32bb073 elementor-widget elementor-widget-html\" data-id=\"32bb073\" data-element_type=\"widget\" data-e-type=\"widget\" data-widget_type=\"html.default\">\n\t\t\t\t<div class=\"elementor-widget-container\">\n\t\t\t\t\t<a title=\"Logiciel billetterie en ligne\"\r\n   href=\"https:\/\/weezevent.com\/?c=sys_widget\"\r\n   class=\"weezevent-widget-integration\"\r\n   data-src=\"https:\/\/widget.weezevent.com\/ticket\/E1001817\/?code=18954&locale=es-ES&width_auto=1&color_primary=ffb000\"\r\n   data-width=\"650\"\r\n   data-height=\"600\"\r\n   data-id=\"1001817\"\r\n   data-resize=\"1\"\r\n   data-width_auto=\"1\"\r\n   data-noscroll=\"0\"\r\n   data-use-container=\"yes\"\r\n   data-type=\"neo\"\r\n   target=\"_blank\">Billetterie Weezevent<\/a>\r\n<script type=\"text\/javascript\" src=\"https:\/\/widget.weezevent.com\/weez.js\"><\/script>\t\t\t\t<\/div>\n\t\t\t\t<\/div>\n\t\t\t\t\t<\/div>\n\t\t<\/div>\n\t\t\t\t\t<\/div>\n\t\t<\/section>\n\t\t\t\t<\/div>\n\t\t","protected":false},"excerpt":{"rendered":"<p>Actividades al aire libre: Yoga terap\u00e9utico Actividad al aire libre, puedes traer esterilla, toalla o realizar la actividad en el mismo c\u00e9sped. Las actividades ser\u00e1n adaptadas a pacientes onc\u00f3logos. Es totalmente GRATUITA, s\u00f3lo debes inscribirte para participar. INSCR\u00cdBETE \u00a1ES GRATIS! Billetterie Weezevent<\/p>\n","protected":false},"author":1,"featured_media":0,"parent":0,"menu_order":0,"comment_status":"closed","ping_status":"closed","template":"","meta":{"_monsterinsights_skip_tracking":false,"_monsterinsights_sitenote_active":false,"_monsterinsights_sitenote_note":"","_monsterinsights_sitenote_category":0,"footnotes":""},"class_list":["post-1104","page","type-page","status-publish","hentry"],"aioseo_notices":[],"_links":{"self":[{"href":"https:\/\/jutcontraelcancer.com\/index.php\/wp-json\/wp\/v2\/pages\/1104","targetHints":{"allow":["GET"]}}],"collection":[{"href":"https:\/\/jutcontraelcancer.com\/index.php\/wp-json\/wp\/v2\/pages"}],"about":[{"href":"https:\/\/jutcontraelcancer.com\/index.php\/wp-json\/wp\/v2\/types\/page"}],"author":[{"embeddable":true,"href":"https:\/\/jutcontraelcancer.com\/index.php\/wp-json\/wp\/v2\/users\/1"}],"replies":[{"embeddable":true,"href":"https:\/\/jutcontraelcancer.com\/index.php\/wp-json\/wp\/v2\/comments?post=1104"}],"version-history":[{"count":13,"href":"https:\/\/jutcontraelcancer.com\/index.php\/wp-json\/wp\/v2\/pages\/1104\/revisions"}],"predecessor-version":[{"id":1239,"href":"https:\/\/jutcontraelcancer.com\/index.php\/wp-json\/wp\/v2\/pages\/1104\/revisions\/1239"}],"wp:attachment":[{"href":"https:\/\/jutcontraelcancer.com\/index.php\/wp-json\/wp\/v2\/media?parent=1104"}],"curies":[{"name":"wp","href":"https:\/\/api.w.org\/{rel}","templated":true}]}}